{"id":7,"date":"2023-04-06T19:22:37","date_gmt":"2023-04-06T17:22:37","guid":{"rendered":"https:\/\/www.emmamartins-portfolio.fr\/?page_id=7"},"modified":"2025-10-07T18:16:54","modified_gmt":"2025-10-07T16:16:54","slug":"welcome","status":"publish","type":"page","link":"https:\/\/www.emmamartins-portfolio.fr\/","title":{"rendered":"Welcome, bienvenue dans mon monde ! \ud83d\udc4b"},"content":{"rendered":"\t\t<div data-elementor-type=\"wp-page\" data-elementor-id=\"7\" class=\"elementor elementor-7\">\n\t\t\t\t\t\t<section class=\"elementor-section elementor-top-section elementor-element elementor-element-6d46ff7 elementor-section-stretched elementor-section-boxed elementor-section-height-default elementor-section-height-default\" data-id=\"6d46ff7\" data-element_type=\"section\" data-settings=\"{&quot;stretch_section&quot;:&quot;section-stretched&quot;}\">\n\t\t\t\t\t\t<div class=\"elementor-container elementor-column-gap-default\">\n\t\t\t\t\t<div class=\"elementor-column elementor-col-100 elementor-top-column elementor-element elementor-element-de30861\" data-id=\"de30861\" data-element_type=\"column\">\n\t\t\t<div class=\"elementor-widget-wrap elementor-element-populated\">\n\t\t\t\t\t\t<section class=\"elementor-section elementor-inner-section elementor-element elementor-element-6f5d234 elementor-section-boxed elementor-section-height-default elementor-section-height-default\" data-id=\"6f5d234\" data-element_type=\"section\">\n\t\t\t\t\t\t<div class=\"elementor-container elementor-column-gap-default\">\n\t\t\t\t\t<div class=\"elementor-column elementor-col-50 elementor-inner-column elementor-element elementor-element-f3a6331\" data-id=\"f3a6331\" data-element_type=\"column\">\n\t\t\t<div class=\"elementor-widget-wrap elementor-element-populated\">\n\t\t\t\t\t\t<div class=\"elementor-element elementor-element-8e02c98 elementor-widget elementor-widget-image\" data-id=\"8e02c98\" data-element_type=\"widget\" data-widget_type=\"image.default\">\n\t\t\t\t<div class=\"elementor-widget-container\">\n\t\t\t\t\t\t\t\t\t\t\t\t\t\t\t<img loading=\"lazy\" decoding=\"async\" width=\"2048\" height=\"1440\" src=\"https:\/\/www.emmamartins-portfolio.fr\/wp-content\/uploads\/2023\/04\/TESTEMMA-2-2048x1440-1.png\" class=\"attachment-2048x2048 size-2048x2048 wp-image-38\" alt=\"\" srcset=\"https:\/\/www.emmamartins-portfolio.fr\/wp-content\/uploads\/2023\/04\/TESTEMMA-2-2048x1440-1.png 2048w, https:\/\/www.emmamartins-portfolio.fr\/wp-content\/uploads\/2023\/04\/TESTEMMA-2-2048x1440-1-300x211.png 300w, https:\/\/www.emmamartins-portfolio.fr\/wp-content\/uploads\/2023\/04\/TESTEMMA-2-2048x1440-1-1024x720.png 1024w, https:\/\/www.emmamartins-portfolio.fr\/wp-content\/uploads\/2023\/04\/TESTEMMA-2-2048x1440-1-768x540.png 768w, https:\/\/www.emmamartins-portfolio.fr\/wp-content\/uploads\/2023\/04\/TESTEMMA-2-2048x1440-1-1536x1080.png 1536w\" sizes=\"auto, (max-width: 2048px) 100vw, 2048px\" \/>\t\t\t\t\t\t\t\t\t\t\t\t\t\t\t<\/div>\n\t\t\t\t<\/div>\n\t\t\t\t<div class=\"elementor-element elementor-element-d0c18dc elementor-widget elementor-widget-heading\" data-id=\"d0c18dc\" data-element_type=\"widget\" data-widget_type=\"heading.default\">\n\t\t\t\t<div class=\"elementor-widget-container\">\n\t\t\t\t\t<h2 class=\"elementor-heading-title elementor-size-default\">Oeuvre artistique \"M\u00e9moire\" - Illustrator                                                                                      \u200b<\/h2>\t\t\t\t<\/div>\n\t\t\t\t<\/div>\n\t\t\t\t\t<\/div>\n\t\t<\/div>\n\t\t\t\t<div class=\"elementor-column elementor-col-50 elementor-inner-column elementor-element elementor-element-704bbb7\" data-id=\"704bbb7\" data-element_type=\"column\">\n\t\t\t<div class=\"elementor-widget-wrap elementor-element-populated\">\n\t\t\t\t\t\t<div class=\"elementor-element elementor-element-1805a12 e-transform elementor-widget elementor-widget-text-editor\" data-id=\"1805a12\" data-element_type=\"widget\" data-settings=\"{&quot;_transform_translateX_effect&quot;:{&quot;unit&quot;:&quot;px&quot;,&quot;size&quot;:54,&quot;sizes&quot;:[]},&quot;_transform_translateX_effect_tablet&quot;:{&quot;unit&quot;:&quot;px&quot;,&quot;size&quot;:&quot;&quot;,&quot;sizes&quot;:[]},&quot;_transform_translateX_effect_mobile&quot;:{&quot;unit&quot;:&quot;px&quot;,&quot;size&quot;:&quot;&quot;,&quot;sizes&quot;:[]},&quot;_transform_translateY_effect&quot;:{&quot;unit&quot;:&quot;px&quot;,&quot;size&quot;:&quot;&quot;,&quot;sizes&quot;:[]},&quot;_transform_translateY_effect_tablet&quot;:{&quot;unit&quot;:&quot;px&quot;,&quot;size&quot;:&quot;&quot;,&quot;sizes&quot;:[]},&quot;_transform_translateY_effect_mobile&quot;:{&quot;unit&quot;:&quot;px&quot;,&quot;size&quot;:&quot;&quot;,&quot;sizes&quot;:[]}}\" data-widget_type=\"text-editor.default\">\n\t\t\t\t<div class=\"elementor-widget-container\">\n\t\t\t\t\t\t\t\t\t<p>Bonjour \u00e0 vous !&nbsp;<\/p>\n<p>Je suis ravie de vous pr\u00e9senter aujourd&#8217;hui mon portfolio de cr\u00e9ations r\u00e9alis\u00e9 depuis mes d\u00e9buts.&nbsp;<\/p>\n<p>Pour \u00eatre honn\u00eate, je suis un peu une touche-\u00e0-tout : j&#8217;adore d\u00e9couvrir de nouvelles techniques, de nouveaux proc\u00e9d\u00e9s, de nouvelles technologies&#8230; Vous ne risquez pas de vous ennuyer !<\/p>\n<p>Je vous conseille avant de commencer, de consulter un peu mon profil, il vous aidera \u00e0 comprendre mon travail.<\/p>\n<p>&nbsp; &nbsp; &nbsp; &nbsp; &nbsp; &nbsp; &nbsp; &nbsp; &nbsp; &nbsp; &nbsp; &nbsp; &nbsp; &nbsp; &nbsp; &nbsp; &nbsp; &nbsp; &nbsp; &nbsp;Bonne Lecture&nbsp;<img decoding=\"async\" class=\"emoji\" role=\"img\" draggable=\"false\" src=\"https:\/\/s.w.org\/images\/core\/emoji\/14.0.0\/svg\/1f60a.svg\" alt=\"\ud83d\ude0a\"><\/p>\t\t\t\t\t\t\t\t<\/div>\n\t\t\t\t<\/div>\n\t\t\t\t\t<\/div>\n\t\t<\/div>\n\t\t\t\t\t<\/div>\n\t\t<\/section>\n\t\t\t\t\t<\/div>\n\t\t<\/div>\n\t\t\t\t\t<\/div>\n\t\t<\/section>\n\t\t\t\t<section class=\"elementor-section elementor-top-section elementor-element elementor-element-e30bb15 elementor-section-boxed elementor-section-height-default elementor-section-height-default\" data-id=\"e30bb15\" data-element_type=\"section\">\n\t\t\t\t\t\t<div class=\"elementor-container elementor-column-gap-default\">\n\t\t\t\t\t<div class=\"elementor-column elementor-col-100 elementor-top-column elementor-element elementor-element-0588472\" data-id=\"0588472\" data-element_type=\"column\">\n\t\t\t<div class=\"elementor-widget-wrap elementor-element-populated\">\n\t\t\t\t\t\t<div class=\"elementor-element elementor-element-1be4a84 elementor-align-center elementor-widget elementor-widget-button\" data-id=\"1be4a84\" data-element_type=\"widget\" data-widget_type=\"button.default\">\n\t\t\t\t<div class=\"elementor-widget-container\">\n\t\t\t\t\t\t\t\t\t<div class=\"elementor-button-wrapper\">\n\t\t\t\t\t<a class=\"elementor-button elementor-button-link elementor-size-lg\" href=\"https:\/\/www.emmamartins-portfolio.fr\/index.php\/presentation\/\">\n\t\t\t\t\t\t<span class=\"elementor-button-content-wrapper\">\n\t\t\t\t\t\t\t\t\t<span class=\"elementor-button-text\">Commencer la visite !<\/span>\n\t\t\t\t\t<\/span>\n\t\t\t\t\t<\/a>\n\t\t\t\t<\/div>\n\t\t\t\t\t\t\t\t<\/div>\n\t\t\t\t<\/div>\n\t\t\t\t\t<\/div>\n\t\t<\/div>\n\t\t\t\t\t<\/div>\n\t\t<\/section>\n\t\t\t\t<\/div>\n\t\t","protected":false},"excerpt":{"rendered":"<p>Oeuvre artistique &#8220;M\u00e9moire&#8221; &#8211; Illustrator \u200b Bonjour \u00e0 vous !&nbsp; Je suis ravie de vous pr\u00e9senter aujourd&#8217;hui mon portfolio de cr\u00e9ations r\u00e9alis\u00e9 depuis mes d\u00e9buts.&nbsp; Pour \u00eatre honn\u00eate, je suis un peu une touche-\u00e0-tout : j&#8217;adore d\u00e9couvrir de nouvelles techniques, de nouveaux proc\u00e9d\u00e9s, de nouvelles technologies&#8230; Vous ne risquez pas de vous ennuyer ! Je [&hellip;]<\/p>\n","protected":false},"author":1,"featured_media":0,"parent":0,"menu_order":1,"comment_status":"closed","ping_status":"closed","template":"","meta":{"footnotes":""},"class_list":["post-7","page","type-page","status-publish","hentry"],"_links":{"self":[{"href":"https:\/\/www.emmamartins-portfolio.fr\/index.php\/wp-json\/wp\/v2\/pages\/7","targetHints":{"allow":["GET"]}}],"collection":[{"href":"https:\/\/www.emmamartins-portfolio.fr\/index.php\/wp-json\/wp\/v2\/pages"}],"about":[{"href":"https:\/\/www.emmamartins-portfolio.fr\/index.php\/wp-json\/wp\/v2\/types\/page"}],"author":[{"embeddable":true,"href":"https:\/\/www.emmamartins-portfolio.fr\/index.php\/wp-json\/wp\/v2\/users\/1"}],"replies":[{"embeddable":true,"href":"https:\/\/www.emmamartins-portfolio.fr\/index.php\/wp-json\/wp\/v2\/comments?post=7"}],"version-history":[{"count":38,"href":"https:\/\/www.emmamartins-portfolio.fr\/index.php\/wp-json\/wp\/v2\/pages\/7\/revisions"}],"predecessor-version":[{"id":794,"href":"https:\/\/www.emmamartins-portfolio.fr\/index.php\/wp-json\/wp\/v2\/pages\/7\/revisions\/794"}],"wp:attachment":[{"href":"https:\/\/www.emmamartins-portfolio.fr\/index.php\/wp-json\/wp\/v2\/media?parent=7"}],"curies":[{"name":"wp","href":"https:\/\/api.w.org\/{rel}","templated":true}]}}