{"id":160,"date":"2023-04-07T13:15:09","date_gmt":"2023-04-07T11:15:09","guid":{"rendered":"https:\/\/www.emmamartins-portfolio.fr\/?page_id=160"},"modified":"2025-10-07T17:58:09","modified_gmt":"2025-10-07T15:58:09","slug":"contact","status":"publish","type":"page","link":"https:\/\/www.emmamartins-portfolio.fr\/index.php\/contact\/","title":{"rendered":"Contact \ud83d\udcde"},"content":{"rendered":"\t\t<div data-elementor-type=\"wp-page\" data-elementor-id=\"160\" class=\"elementor elementor-160\">\n\t\t\t\t\t\t<section class=\"elementor-section elementor-top-section elementor-element elementor-element-510b396 elementor-section-boxed elementor-section-height-default elementor-section-height-default\" data-id=\"510b396\" data-element_type=\"section\">\n\t\t\t\t\t\t<div class=\"elementor-container elementor-column-gap-default\">\n\t\t\t\t\t<div class=\"elementor-column elementor-col-100 elementor-top-column elementor-element elementor-element-a4e500a\" data-id=\"a4e500a\" data-element_type=\"column\">\n\t\t\t<div class=\"elementor-widget-wrap elementor-element-populated\">\n\t\t\t\t\t\t<div class=\"elementor-element elementor-element-3e2d8c7 elementor-widget elementor-widget-text-editor\" data-id=\"3e2d8c7\" data-element_type=\"widget\" data-widget_type=\"text-editor.default\">\n\t\t\t\t<div class=\"elementor-widget-container\">\n\t\t\t\t\t\t\t\t\t<p>Si vous souhaitez me contacter afin d&#8217;\u00e9changer \u00e0 propos d&#8217;un stage, d&#8217;un emploi ou simplement pour apprendre \u00e0 se conna\u00eetre, vous pouvez le faire en me contactant via le : <strong>07.81.70.85.43<\/strong> ou encore en cliquant juste ici !\u00a0<\/p>\t\t\t\t\t\t\t\t<\/div>\n\t\t\t\t<\/div>\n\t\t\t\t\t<\/div>\n\t\t<\/div>\n\t\t\t\t\t<\/div>\n\t\t<\/section>\n\t\t\t\t<section class=\"elementor-section elementor-top-section elementor-element elementor-element-e2c8d5c elementor-section-boxed elementor-section-height-default elementor-section-height-default\" data-id=\"e2c8d5c\" data-element_type=\"section\">\n\t\t\t\t\t\t<div class=\"elementor-container elementor-column-gap-default\">\n\t\t\t\t\t<div class=\"elementor-column elementor-col-100 elementor-top-column elementor-element elementor-element-a3f00e5\" data-id=\"a3f00e5\" data-element_type=\"column\">\n\t\t\t<div class=\"elementor-widget-wrap elementor-element-populated\">\n\t\t\t\t\t\t<div class=\"elementor-element elementor-element-5ad8590 elementor-align-center elementor-widget elementor-widget-button\" data-id=\"5ad8590\" data-element_type=\"widget\" data-widget_type=\"button.default\">\n\t\t\t\t<div class=\"elementor-widget-container\">\n\t\t\t\t\t\t\t\t\t<div class=\"elementor-button-wrapper\">\n\t\t\t\t\t<a class=\"elementor-button elementor-button-link elementor-size-md\" href=\"http:\/\/emmamartins120@gmail.com\">\n\t\t\t\t\t\t<span class=\"elementor-button-content-wrapper\">\n\t\t\t\t\t\t\t\t\t<span class=\"elementor-button-text\">Mon mail ! <\/span>\n\t\t\t\t\t<\/span>\n\t\t\t\t\t<\/a>\n\t\t\t\t<\/div>\n\t\t\t\t\t\t\t\t<\/div>\n\t\t\t\t<\/div>\n\t\t\t\t\t<\/div>\n\t\t<\/div>\n\t\t\t\t\t<\/div>\n\t\t<\/section>\n\t\t\t\t<\/div>\n\t\t","protected":false},"excerpt":{"rendered":"<p>Si vous souhaitez me contacter afin d&#8217;\u00e9changer \u00e0 propos d&#8217;un stage, d&#8217;un emploi ou simplement pour apprendre \u00e0 se conna\u00eetre, vous pouvez le faire en me contactant via le : 07.81.70.85.43 ou encore en cliquant juste ici !\u00a0 Mon mail !<\/p>\n","protected":false},"author":1,"featured_media":0,"parent":0,"menu_order":0,"comment_status":"closed","ping_status":"closed","template":"","meta":{"footnotes":""},"class_list":["post-160","page","type-page","status-publish","hentry"],"_links":{"self":[{"href":"https:\/\/www.emmamartins-portfolio.fr\/index.php\/wp-json\/wp\/v2\/pages\/160","targetHints":{"allow":["GET"]}}],"collection":[{"href":"https:\/\/www.emmamartins-portfolio.fr\/index.php\/wp-json\/wp\/v2\/pages"}],"about":[{"href":"https:\/\/www.emmamartins-portfolio.fr\/index.php\/wp-json\/wp\/v2\/types\/page"}],"author":[{"embeddable":true,"href":"https:\/\/www.emmamartins-portfolio.fr\/index.php\/wp-json\/wp\/v2\/users\/1"}],"replies":[{"embeddable":true,"href":"https:\/\/www.emmamartins-portfolio.fr\/index.php\/wp-json\/wp\/v2\/comments?post=160"}],"version-history":[{"count":34,"href":"https:\/\/www.emmamartins-portfolio.fr\/index.php\/wp-json\/wp\/v2\/pages\/160\/revisions"}],"predecessor-version":[{"id":782,"href":"https:\/\/www.emmamartins-portfolio.fr\/index.php\/wp-json\/wp\/v2\/pages\/160\/revisions\/782"}],"wp:attachment":[{"href":"https:\/\/www.emmamartins-portfolio.fr\/index.php\/wp-json\/wp\/v2\/media?parent=160"}],"curies":[{"name":"wp","href":"https:\/\/api.w.org\/{rel}","templated":true}]}}